{"id":15143,"date":"2020-07-01T11:51:41","date_gmt":"2020-07-01T17:51:41","guid":{"rendered":"https:\/\/www.mdcdatacenters.com\/?page_id=15143"},"modified":"2026-02-18T12:38:47","modified_gmt":"2026-02-18T18:38:47","slug":"contact-us","status":"publish","type":"page","link":"https:\/\/www.mdcdatacenters.com\/es\/company\/contact-us\/","title":{"rendered":"Contact Us"},"content":{"rendered":"\n<h3 class=\"wp-block-heading\">Consultas Generales<\/h3>\n\n\n\n<p class=\"phone-help\"><a href=\"tel:956429-3400\">US. (956) 429.3400<\/a><\/p>\n\n\n\n<p class=\"phone-help\"><a href=\"tel:018006818063\">MX. 01.800.681.8063<\/a><\/p>\n\n\n\n<p>Lunes a Viernes, 9:00 AM to 6:00 PM CST.<br>Ingenieros disponibles las 24hs v\u00eda tel\u00e9fono y correo electr\u00f3nico.<\/p>\n\n\n\n<h3 class=\"wp-block-heading\">Ventas<\/h3>\n\n\n\n<p>Para asesoramiento comercial, contacta a <a href=\"mailto:sales@mdcdatacenters.com\" title=\"Contacta a Ventas\">sales@mdcdatacenters.com<\/a><br>Si est\u00e1s interesado en conocer los precios, puedes <a href=\"\/es\/get-a-quote\" title=\"Solicita una cotizaci\u00f3n\">solicitar una cotizaci\u00f3n<\/a><\/p>\n\n\n\n<h3 class=\"wp-block-heading\">NOC<\/h3>\n\n\n\n<p>Para soporte t\u00e9cnico contacta a NOC las 24 horas del d\u00eda <a href=\"mailto:noc@mdcdatacenters.com\" title=\"Contacta a NOC\">noc@mdcdatacenters.com<\/a> o puedes comunicarte al <a href=\"tel:9563404245\" title=\"Contacta a NOC\">(956) 340 4245<\/a><\/p>\n\n\n\n<h3 class=\"wp-block-heading\">Billing<\/h3>\n\n\n\n<p>Por consultas sobre temas relacionados a pagos o facturaci\u00f3n, <br>env\u00eda un email a <a href=\"mailto:billing@mdcdatacenters.com\" title=\"Contacta a Billing\">billing@mdcdatacenters.com<\/a><\/p>\n\n\n\n<h3 class=\"wp-block-heading\">Soporte en Plataformas<\/h3>\n\n\n\n<p>Si tienes preguntas sobre alguna de nuestras plataformas, <br>escr\u00edbenos a <a href=\"mailto:product@mdcdatacenters.com\" title=\"Contacta al equipo de Producto\">product@mdcdatacenters.com<\/a><\/p>\n","protected":false},"excerpt":{"rendered":"<p>Consultas Generales US. (956) 429.3400 MX. 01.800.681.8063 Lunes a Viernes, 9:00 AM to 6:00 PM CST.Ingenieros disponibles las 24hs v\u00eda tel\u00e9fono y correo electr\u00f3nico. Ventas Para asesoramiento comercial, contacta a sales@mdcdatacenters.comSi est\u00e1s interesado en conocer los precios, puedes solicitar una cotizaci\u00f3n NOC Para soporte t\u00e9cnico contacta a NOC las 24 horas del d\u00eda noc@mdcdatacenters.com o [&hellip;]<\/p>\n","protected":false},"author":2,"featured_media":0,"parent":12882,"menu_order":6,"comment_status":"closed","ping_status":"closed","template":"page-company-contact.php","meta":{"_acf_changed":false,"content-type":"","footnotes":"","_wp_rev_ctl_limit":""},"class_list":["post-15143","page","type-page","status-publish","hentry"],"translation":{"provider":"WPGlobus","version":"3.0.1","language":"es","enabled_languages":["en","es"],"languages":{"en":{"title":true,"content":true,"excerpt":false},"es":{"title":true,"content":true,"excerpt":false}}},"acf":[],"aioseo_notices":[],"_links":{"self":[{"href":"https:\/\/www.mdcdatacenters.com\/es\/wp-json\/wp\/v2\/pages\/15143","targetHints":{"allow":["GET"]}}],"collection":[{"href":"https:\/\/www.mdcdatacenters.com\/es\/wp-json\/wp\/v2\/pages"}],"about":[{"href":"https:\/\/www.mdcdatacenters.com\/es\/wp-json\/wp\/v2\/types\/page"}],"author":[{"embeddable":true,"href":"https:\/\/www.mdcdatacenters.com\/es\/wp-json\/wp\/v2\/users\/2"}],"replies":[{"embeddable":true,"href":"https:\/\/www.mdcdatacenters.com\/es\/wp-json\/wp\/v2\/comments?post=15143"}],"version-history":[{"count":3,"href":"https:\/\/www.mdcdatacenters.com\/es\/wp-json\/wp\/v2\/pages\/15143\/revisions"}],"predecessor-version":[{"id":21612,"href":"https:\/\/www.mdcdatacenters.com\/es\/wp-json\/wp\/v2\/pages\/15143\/revisions\/21612"}],"up":[{"embeddable":true,"href":"https:\/\/www.mdcdatacenters.com\/es\/wp-json\/wp\/v2\/pages\/12882"}],"wp:attachment":[{"href":"https:\/\/www.mdcdatacenters.com\/es\/wp-json\/wp\/v2\/media?parent=15143"}],"curies":[{"name":"wp","href":"https:\/\/api.w.org\/{rel}","templated":true}]}}