{"id":15304,"date":"2020-07-27T11:30:44","date_gmt":"2020-07-27T17:30:44","guid":{"rendered":"https:\/\/www.mdcdatacenters.com\/?page_id=15304"},"modified":"2021-03-09T08:00:14","modified_gmt":"2021-03-09T14:00:14","slug":"nogales","status":"publish","type":"page","link":"https:\/\/www.mdcdatacenters.com\/es\/data-centers\/our-locations\/nogales\/","title":{"rendered":"Nogales"},"content":{"rendered":"\n<p><strong>Nogales permite mejor acceso y conectividad con los operadores mexicanos en el Golfo de California. Para los operadores y proveedores de contenido, Nogales es la soluci\u00f3n ideal<\/strong>.<\/p>\n\n\n\n<p>Nogales tiene un camino directo a ciudades a lo largo del Golfo de California con m\u00e1s de 15 millones de ojos. Esta \u00e1rea incluye ciudades importantes como Hermosillo y Guadalajara. Descubra el potencial del Golfo de California.<\/p>\n","protected":false},"excerpt":{"rendered":"<p>Nogales permite mejor acceso y conectividad con los operadores mexicanos en el Golfo de California. Para los operadores y proveedores de contenido, Nogales es la soluci\u00f3n ideal. Nogales tiene un camino directo a ciudades a lo largo del Golfo de California con m\u00e1s de 15 millones de ojos. Esta \u00e1rea incluye ciudades importantes como Hermosillo [&hellip;]<\/p>\n","protected":false},"author":2,"featured_media":16842,"parent":8696,"menu_order":39,"comment_status":"closed","ping_status":"closed","template":"page-region.php","meta":{"_acf_changed":false,"content-type":"","footnotes":"","_wp_rev_ctl_limit":""},"class_list":["post-15304","page","type-page","status-publish","has-post-thumbnail","hentry"],"translation":{"provider":"WPGlobus","version":"3.0.1","language":"es","enabled_languages":["en","es"],"languages":{"en":{"title":true,"content":true,"excerpt":false},"es":{"title":true,"content":true,"excerpt":false}}},"acf":[],"aioseo_notices":[],"_links":{"self":[{"href":"https:\/\/www.mdcdatacenters.com\/es\/wp-json\/wp\/v2\/pages\/15304","targetHints":{"allow":["GET"]}}],"collection":[{"href":"https:\/\/www.mdcdatacenters.com\/es\/wp-json\/wp\/v2\/pages"}],"about":[{"href":"https:\/\/www.mdcdatacenters.com\/es\/wp-json\/wp\/v2\/types\/page"}],"author":[{"embeddable":true,"href":"https:\/\/www.mdcdatacenters.com\/es\/wp-json\/wp\/v2\/users\/2"}],"replies":[{"embeddable":true,"href":"https:\/\/www.mdcdatacenters.com\/es\/wp-json\/wp\/v2\/comments?post=15304"}],"version-history":[{"count":29,"href":"https:\/\/www.mdcdatacenters.com\/es\/wp-json\/wp\/v2\/pages\/15304\/revisions"}],"predecessor-version":[{"id":17135,"href":"https:\/\/www.mdcdatacenters.com\/es\/wp-json\/wp\/v2\/pages\/15304\/revisions\/17135"}],"up":[{"embeddable":true,"href":"https:\/\/www.mdcdatacenters.com\/es\/wp-json\/wp\/v2\/pages\/8696"}],"wp:featuredmedia":[{"embeddable":true,"href":"https:\/\/www.mdcdatacenters.com\/es\/wp-json\/wp\/v2\/media\/16842"}],"wp:attachment":[{"href":"https:\/\/www.mdcdatacenters.com\/es\/wp-json\/wp\/v2\/media?parent=15304"}],"curies":[{"name":"wp","href":"https:\/\/api.w.org\/{rel}","templated":true}]}}