{"id":17112,"date":"2021-02-24T11:21:23","date_gmt":"2021-02-24T17:21:23","guid":{"rendered":"https:\/\/www.mdcdatacenters.com\/?page_id=17112"},"modified":"2023-09-08T15:04:20","modified_gmt":"2023-09-08T21:04:20","slug":"laredo","status":"publish","type":"page","link":"https:\/\/www.mdcdatacenters.com\/es\/data-centers\/our-locations\/laredo\/","title":{"rendered":"Laredo"},"content":{"rendered":"\n<p><strong>Laredo te conecta con el Tri\u00e1ngulo de Monterrey: Monterrey, McAllen y Laredo, una alternativa redundante<\/strong><\/p>\n\n\n\n<p>Laredo es una puerta de entrada neutral para los operadores. Ubicada estrat\u00e9gicamente Laredo ayuda a formar este tri\u00e1ngulo clave para fortalecer la redundancia en la frontera con M\u00e9xico. El binodo entre Laredo y McAllen aumenta la confiabilidad de las redes.<\/p>\n","protected":false},"excerpt":{"rendered":"<p>Laredo te conecta con el Tri\u00e1ngulo de Monterrey: Monterrey, McAllen y Laredo, una alternativa redundante Laredo es una puerta de entrada neutral para los operadores. Ubicada estrat\u00e9gicamente Laredo ayuda a formar este tri\u00e1ngulo clave para fortalecer la redundancia en la frontera con M\u00e9xico. El binodo entre Laredo y McAllen aumenta la confiabilidad de las redes.<\/p>\n","protected":false},"author":2,"featured_media":17230,"parent":8696,"menu_order":33,"comment_status":"closed","ping_status":"closed","template":"page-region.php","meta":{"_acf_changed":false,"content-type":"","footnotes":"","_wp_rev_ctl_limit":""},"class_list":["post-17112","page","type-page","status-publish","has-post-thumbnail","hentry"],"translation":{"provider":"WPGlobus","version":"3.0.1","language":"es","enabled_languages":["en","es"],"languages":{"en":{"title":true,"content":true,"excerpt":false},"es":{"title":true,"content":true,"excerpt":false}}},"acf":[],"aioseo_notices":[],"_links":{"self":[{"href":"https:\/\/www.mdcdatacenters.com\/es\/wp-json\/wp\/v2\/pages\/17112","targetHints":{"allow":["GET"]}}],"collection":[{"href":"https:\/\/www.mdcdatacenters.com\/es\/wp-json\/wp\/v2\/pages"}],"about":[{"href":"https:\/\/www.mdcdatacenters.com\/es\/wp-json\/wp\/v2\/types\/page"}],"author":[{"embeddable":true,"href":"https:\/\/www.mdcdatacenters.com\/es\/wp-json\/wp\/v2\/users\/2"}],"replies":[{"embeddable":true,"href":"https:\/\/www.mdcdatacenters.com\/es\/wp-json\/wp\/v2\/comments?post=17112"}],"version-history":[{"count":3,"href":"https:\/\/www.mdcdatacenters.com\/es\/wp-json\/wp\/v2\/pages\/17112\/revisions"}],"predecessor-version":[{"id":20210,"href":"https:\/\/www.mdcdatacenters.com\/es\/wp-json\/wp\/v2\/pages\/17112\/revisions\/20210"}],"up":[{"embeddable":true,"href":"https:\/\/www.mdcdatacenters.com\/es\/wp-json\/wp\/v2\/pages\/8696"}],"wp:featuredmedia":[{"embeddable":true,"href":"https:\/\/www.mdcdatacenters.com\/es\/wp-json\/wp\/v2\/media\/17230"}],"wp:attachment":[{"href":"https:\/\/www.mdcdatacenters.com\/es\/wp-json\/wp\/v2\/media?parent=17112"}],"curies":[{"name":"wp","href":"https:\/\/api.w.org\/{rel}","templated":true}]}}